{"id":233,"date":"2017-12-06T17:40:03","date_gmt":"2017-12-06T15:40:03","guid":{"rendered":"http:\/\/championsday.net\/?page_id=233"},"modified":"2024-01-30T10:35:29","modified_gmt":"2024-01-30T08:35:29","slug":"start-seite","status":"publish","type":"page","link":"http:\/\/championsday.net\/","title":{"rendered":"Home"},"content":{"rendered":"<h1 style=\"text-align: center;\"><span style=\"font-family: Impact, Chicago; font-size: 24pt; color: #000000;\">Herzlich willkommen beim<\/span><\/h1>\n<h1 style=\"text-align: center;\"><span style=\"font-family: Impact, Chicago; font-size: 24pt; color: #ff0000;\">Champions Day<\/span><\/h1>\n<h5 style=\"text-align: center;\">\r\n\t\t<div class=\"tecc-wrapper\" id=\"tecc-384\">\r\n\t\t\t<div class=\"tecc-event-info\"><a href=\"http:\/\/championsday.net\/?tribe_events=championsday-24-02-2024\"><h3 class=\"tecc-title\">Championsday 24.02.2024<\/h3><\/a>\r\n\t\t\t\t<div class=\"event-date-location\">\r\n\t\t\t\t<span class=\"tecc-date\">24 Februar 2024<\/span><span class=\"tecc-location\"> -<\/span><span class=\"tribe-address\">\n\n<span class=\"tribe-street-address\">Karmelenberg Halle<\/span>\n\t\n\t\t<br>\n\t\t<span class=\"tribe-locality\">Bassenheim<\/span><span class=\"tribe-delimiter\">,<\/span>\n\n\n\t<span class=\"tribe-postal-code\">56220<\/span>\n\n\t<span class=\"tribe-country-name\">Deutschland<\/span>\n\n<\/span>\n\r\n\t\t\t\t<\/div>\r\n\t\t\t<\/div>\r\n\t\t\t<div class=\"tecc-timer-wrapper\">\r\n\t\t\t\t<div class=\"tecc-date-timer\"><div class=\"eventend_msz\"><\/div>\r\n\t\t\t\t<\/div>\r\n\t\t\t<\/div>\r\n\t\t\t<div class=\"tecc-event-detail\">\r\n\t\t\t\t<a class=\"tecc-event-button\" href=\"http:\/\/championsday.net\/?tribe_events=championsday-24-02-2024\">Find out more<\/a>\r\n\t\t\t<\/div>\r\n\t\t<\/div><\/h5>\n<h5 style=\"text-align: center;\">\r\n\t\t<div class=\"tecc-wrapper\" id=\"tecc-394\">\r\n\t\t\t<div class=\"tecc-event-info\"><a href=\"http:\/\/championsday.net\/?tribe_events=ende-der-meldung-regestration\"><h3 class=\"tecc-title\">Ende der Meldung \/ Regestration<\/h3><\/a>\r\n\t\t\t\t<div class=\"event-date-location\">\r\n\t\t\t\t<span class=\"tecc-date\">22 Februar 2024<\/span><span class=\"tecc-location\"> -<\/span><span class=\"tribe-address\">\n\n<span class=\"tribe-street-address\">Karmelenberg Halle<\/span>\n\t\n\t\t<br>\n\t\t<span class=\"tribe-locality\">Bassenheim<\/span><span class=\"tribe-delimiter\">,<\/span>\n\n\n\t<span class=\"tribe-postal-code\">56220<\/span>\n\n\t<span class=\"tribe-country-name\">Deutschland<\/span>\n\n<\/span>\n\r\n\t\t\t\t<\/div>\r\n\t\t\t<\/div>\r\n\t\t\t<div class=\"tecc-timer-wrapper\">\r\n\t\t\t\t<div class=\"tecc-date-timer\"><div class=\"eventend_msz\">Danke f\u00fcr ihr Interesse ... wir halten sie \u00fcber zuk\u00fcnftige Veranstaltungen auf dem laufenden <\/div>\r\n\t\t\t\t<\/div>\r\n\t\t\t<\/div>\r\n\t\t\t<div class=\"tecc-event-detail\">\r\n\t\t\t\t<a class=\"tecc-event-button\" href=\"http:\/\/championsday.net\/?tribe_events=ende-der-meldung-regestration\">Find out more<\/a>\r\n\t\t\t<\/div>\r\n\t\t<\/div><\/h5>\n<h5 style=\"text-align: center;\">Wir wollen auf dieser Seite Informationen \u00fcber den Champions Day geben.<\/h5>\n<h5 style=\"text-align: center;\">Wir laden euch recht Herzlich ein, den Champions Day mit eurem erscheinen zu supporten.<\/h5>\n<h5 style=\"text-align: center;\">2010 &#8211; 2023 \u00fcber 10.000 Sportler und 2024 ???<\/h5>\n<h5 style=\"text-align: center;\">Streng nach unserem Motto &#8222;GEMEINSAM STARK&#8220; wollen wir euch bei unserer Veranstaltung Begr\u00fc\u00dfen und Willkommen hei\u00dfen.<\/h5>\n<h5 style=\"text-align: center;\">Wir haben weder Kosten noch M\u00fchen gescheut um euch wieder eine Top Plattform f\u00fcr den sportlichen nationalen und internationalen\u00a0Zweikampf zu bieten.<\/h5>\n<h5 style=\"text-align: center;\">Wenn Sie Fragen haben sind wir selbstverst\u00e4ndlich nach wie vor f\u00fcr sie Telefonisch oder per Mail erreichbar.<\/h5>\n<h5 style=\"text-align: center;\">Euer Champions Day Team<\/h5>\n<h1 style=\"color: #000000; text-align: center;\"><span style=\"font-size: 18pt;\"><a href=\"https:\/\/kampfsportgym.com\"><span style=\"font-family: Arial, Helvetica, sans-serif;\">\u00a0Kampfsportgym.com\u00a0<\/span><\/a><\/span><\/h1>\n<h4 style=\"text-align: center;\"><span style=\"font-family: Arial, Helvetica, sans-serif;\">\u00a0<\/span><\/h4>\n","protected":false},"excerpt":{"rendered":"<p>Herzlich willkommen beim Champions Day Wir wollen auf dieser Seite Informationen \u00fcber den Champions Day geben. Wir laden euch recht Herzlich ein, den Champions Day mit eurem erscheinen zu supporten. 2010 &#8211; 2023 \u00fcber 10.000 Sportler und 2024 ??? Streng nach unserem Motto &#8222;GEMEINSAM STARK&#8220; wollen wir euch bei unserer Veranstaltung Begr\u00fc\u00dfen und Willkommen hei\u00dfen. [&hellip;]<\/p>\n","protected":false},"author":1,"featured_media":0,"parent":0,"menu_order":0,"comment_status":"closed","ping_status":"closed","template":"","meta":{"footnotes":""},"_links":{"self":[{"href":"http:\/\/championsday.net\/index.php?rest_route=\/wp\/v2\/pages\/233"}],"collection":[{"href":"http:\/\/championsday.net\/index.php?rest_route=\/wp\/v2\/pages"}],"about":[{"href":"http:\/\/championsday.net\/index.php?rest_route=\/wp\/v2\/types\/page"}],"author":[{"embeddable":true,"href":"http:\/\/championsday.net\/index.php?rest_route=\/wp\/v2\/users\/1"}],"replies":[{"embeddable":true,"href":"http:\/\/championsday.net\/index.php?rest_route=%2Fwp%2Fv2%2Fcomments&post=233"}],"version-history":[{"count":23,"href":"http:\/\/championsday.net\/index.php?rest_route=\/wp\/v2\/pages\/233\/revisions"}],"predecessor-version":[{"id":401,"href":"http:\/\/championsday.net\/index.php?rest_route=\/wp\/v2\/pages\/233\/revisions\/401"}],"wp:attachment":[{"href":"http:\/\/championsday.net\/index.php?rest_route=%2Fwp%2Fv2%2Fmedia&parent=233"}],"curies":[{"name":"wp","href":"https:\/\/api.w.org\/{rel}","templated":true}]}}